{"id":918,"date":"2023-09-07T15:19:24","date_gmt":"2023-09-07T20:19:24","guid":{"rendered":"https:\/\/iesantoangelmed.edu.co\/?page_id=918"},"modified":"2025-10-25T09:31:30","modified_gmt":"2025-10-25T14:31:30","slug":"manual-de-convivencia","status":"publish","type":"page","link":"https:\/\/iesantoangelmed.edu.co\/index.php\/manual-de-convivencia\/","title":{"rendered":"MANUAL DE CONVIVENCIA"},"content":{"rendered":"\n<div class=\"wp-block-columns is-layout-flex wp-container-core-columns-is-layout-9d6595d7 wp-block-columns-is-layout-flex\">\n<div class=\"wp-block-column is-layout-flow wp-block-column-is-layout-flow\">\n<p class=\"has-white-color has-vivid-cyan-blue-background-color has-text-color has-background has-link-color has-small-font-size wp-elements-40e74d17e35ae259654973037b0e1fe4\">El presente texto, se entrega redactado en masculino gen\u00e9rico acogiendo el informe de la Real Academia de la Lengua Espa\u00f1ola, del 16 de enero de 2020, sobre el lenguaje inclusivo y cuestiones<br>conexas; en dicho informe plantea los principios que rigen el concepto favorable para el uso de masculino gen\u00e9rico, de los cuales, para nuestro caso se rescatan los siguientes: \u201cNecesidad conceptual. Reconoce al masculino gen\u00e9rico el gran servicio que aporta a la<br>organizaci\u00f3n sem\u00e1ntica de los contenidos.<br>Principio de econom\u00eda ling\u00fc\u00edstica. Rige el funcionamiento de la lengua, tanto en su evoluci\u00f3n como en su presencia en el discurso, desde la fonolog\u00eda hasta la pragm\u00e1tica.<br>Lenguaje administrativo. Proceso que persigue la sencillez, la inteligibilidad, la claridad, la<br>aproximaci\u00f3n al lenguaje llano. Los documentos jur\u00eddicos y administrativos dif\u00edcilmente<br>soportar\u00edan complejidades sexistas\u201d.<br>As\u00ed mismo, se apoya en la Sentencia T-344 de 2020. Dicha providencia expresa \u201cEl uso de los<br>sustantivos masculinos gen\u00e9ricos se entiende que incluye en su referencia, en condiciones de plena<br>igualdad y equidad, a hombres y mujeres sin distinci\u00f3n de sexo&#8221;. Despu\u00e9s de hacer un trabajo reflexivo y participativo, se hace entrega a toda la comunidad del Manual para la convivencia en la instituci\u00f3n, en \u00e9l est\u00e1n plasmadas las intenciones y directrices para regular la<br>convivencia pac\u00edfica y conseguir que, de manera especial, nuestros estudiantes entiendan la<br>importancia y la necesidad de las normas para el proceso de socializaci\u00f3n que requiere todo ser<br>humano. El presente Manual conserva el esp\u00edritu angelino de entregar \u201cmi propio Don para construir el bien com\u00fan\u201d y en especial para contribuir a la convivencia arm\u00f3nica fundamentada en los valores de la<br>justicia, solidaridad, libertad, autonom\u00eda, amor y liderazgo.<\/p>\n<\/div>\n\n\n\n<div class=\"wp-block-column is-layout-flow wp-block-column-is-layout-flow\">\n<div data-wp-interactive=\"core\/file\" class=\"wp-block-file\"><object data-wp-bind--hidden=\"!state.hasPdfPreview\" hidden class=\"wp-block-file__embed\" data=\"https:\/\/iesantoangelmed.edu.co\/wp-content\/uploads\/2025\/10\/Manual-de-Convivencia.-Version-2026.pdf\" type=\"application\/pdf\" style=\"width:100%;height:600px\" aria-label=\"Incrustado de Manual de Convivencia. Versi\u00f3n 2026.\"><\/object><a id=\"wp-block-file--media-c105872c-b04c-40b0-9025-ad04fe870fd0\" href=\"https:\/\/iesantoangelmed.edu.co\/wp-content\/uploads\/2025\/10\/Manual-de-Convivencia.-Version-2026.pdf\">Manual de Convivencia. Versi\u00f3n 2026<\/a><a href=\"https:\/\/iesantoangelmed.edu.co\/wp-content\/uploads\/2025\/10\/Manual-de-Convivencia.-Version-2026.pdf\" class=\"wp-block-file__button wp-element-button\" download aria-describedby=\"wp-block-file--media-c105872c-b04c-40b0-9025-ad04fe870fd0\">Descargar<\/a><\/div>\n<\/div>\n<\/div>\n\n\n\n<p class=\"has-text-align-left has-vivid-cyan-blue-color has-text-color has-small-font-size\"><br><\/p>\n","protected":false},"excerpt":{"rendered":"<p>El presente texto, se entrega redactado en masculino gen\u00e9rico acogiendo el informe de la Real Academia de la Lengua Espa\u00f1ola, del 16 de enero de 2020, sobre el lenguaje inclusivo &#8230;<\/p>\n","protected":false},"author":2,"featured_media":0,"parent":0,"menu_order":0,"comment_status":"closed","ping_status":"closed","template":"","meta":{"_background_id":0,"_xo_background":{"id":0,"size":"auto","position_x":"left","position_y":"top","color":"#6033da","gradient":"","custom_gradient":"","repeat":true,"attachment":true,"enable_color":true},"footnotes":""},"class_list":["post-918","page","type-page","status-publish","hentry"],"_links":{"self":[{"href":"https:\/\/iesantoangelmed.edu.co\/index.php\/wp-json\/wp\/v2\/pages\/918","targetHints":{"allow":["GET"]}}],"collection":[{"href":"https:\/\/iesantoangelmed.edu.co\/index.php\/wp-json\/wp\/v2\/pages"}],"about":[{"href":"https:\/\/iesantoangelmed.edu.co\/index.php\/wp-json\/wp\/v2\/types\/page"}],"author":[{"embeddable":true,"href":"https:\/\/iesantoangelmed.edu.co\/index.php\/wp-json\/wp\/v2\/users\/2"}],"replies":[{"embeddable":true,"href":"https:\/\/iesantoangelmed.edu.co\/index.php\/wp-json\/wp\/v2\/comments?post=918"}],"version-history":[{"count":13,"href":"https:\/\/iesantoangelmed.edu.co\/index.php\/wp-json\/wp\/v2\/pages\/918\/revisions"}],"predecessor-version":[{"id":2696,"href":"https:\/\/iesantoangelmed.edu.co\/index.php\/wp-json\/wp\/v2\/pages\/918\/revisions\/2696"}],"wp:attachment":[{"href":"https:\/\/iesantoangelmed.edu.co\/index.php\/wp-json\/wp\/v2\/media?parent=918"}],"curies":[{"name":"wp","href":"https:\/\/api.w.org\/{rel}","templated":true}]}}