{"id":1594,"date":"2023-09-13T21:26:49","date_gmt":"2023-09-14T02:26:49","guid":{"rendered":"https:\/\/iesantoangelmed.edu.co\/?page_id=1594"},"modified":"2026-01-15T11:21:52","modified_gmt":"2026-01-15T16:21:52","slug":"resena-historica","status":"publish","type":"page","link":"https:\/\/iesantoangelmed.edu.co\/index.php\/resena-historica\/","title":{"rendered":"RESE\u00d1A HIST\u00d3RICA"},"content":{"rendered":"\n<p class=\"has-text-align-center has-white-color has-text-color has-background has-medium-font-size\" style=\"background:linear-gradient(135deg,rgb(238,238,238) 0%,rgb(169,184,195) 27%)\"><strong>NUESTROS FUNDADORES<\/strong><\/p>\n\n\n\n<div class=\"wp-block-columns is-layout-flex wp-container-core-columns-is-layout-9d6595d7 wp-block-columns-is-layout-flex\">\n<div class=\"wp-block-column is-layout-flow wp-block-column-is-layout-flow\"><div class=\"wp-block-image is-style-rounded\">\n<figure class=\"alignleft size-full is-resized\"><img fetchpriority=\"high\" decoding=\"async\" width=\"216\" height=\"306\" src=\"https:\/\/iesantoangelmed.edu.co\/wp-content\/uploads\/2023\/09\/PADRE.jpg\" alt=\"\" class=\"wp-image-1061\" style=\"object-fit:cover;width:374px;height:502px\" srcset=\"https:\/\/iesantoangelmed.edu.co\/wp-content\/uploads\/2023\/09\/PADRE.jpg 216w, https:\/\/iesantoangelmed.edu.co\/wp-content\/uploads\/2023\/09\/PADRE-212x300.jpg 212w\" sizes=\"(max-width: 216px) 100vw, 216px\" \/><figcaption class=\"wp-element-caption\"><strong>Padre<br>LUIS ANTONIO ORMIERES<br>Quill\u00e1n &#8211; Francia<br>1809 &#8211; 1890<br>Sacerdote de la Di\u00f3cesis de Carcasonne. Se distingui\u00f3 por su sencillez, humildad, confianza en la Providencia, esp\u00edritu misionero, y amor a la Iglesia.<\/strong><\/figcaption><\/figure>\n<\/div><\/div>\n\n\n\n<div class=\"wp-block-column is-layout-flow wp-block-column-is-layout-flow\"><div class=\"wp-block-image is-style-rounded\">\n<figure class=\"aligncenter size-full is-resized\"><img decoding=\"async\" width=\"200\" height=\"272\" src=\"https:\/\/iesantoangelmed.edu.co\/wp-content\/uploads\/2023\/09\/MONJA.jpg\" alt=\"\" class=\"wp-image-1607\" style=\"object-fit:contain;width:500px;height:500px\"\/><figcaption class=\"wp-element-caption\"><strong>Madre SAN PASCUAL DE LAVRILIOUX<br>Josselin 1809<\/strong><br><strong>Desde muy joven consagra su vida al Se\u00f1or en la Instrucci\u00f3n Cristiana de Saint Gildas de Bois -La Breta\u00f1a-, para pasar, junto con Ormi\u00e8res, a ser Fundadora de la Congregaci\u00f3n de Soeurs de l\u2019 Ange Gardien o Hermanas del \u00c1ngel de la Guarda<\/strong><\/figcaption><\/figure>\n<\/div><\/div>\n<\/div>\n\n\n\n<p class=\"has-text-align-center has-white-color has-text-color has-background has-medium-font-size\" style=\"background:linear-gradient(135deg,rgb(238,238,238) 0%,rgb(169,184,195) 10%)\"><strong>NUESTRA HISTORIA <\/strong><\/p>\n\n\n\n<p class=\"has-black-color has-text-color has-link-color has-small-font-size wp-elements-f5e161b6ad7cc34c63ce1988abc9b12f\">La Congregaci\u00f3n Religiosa de las Hermanas del Santo \u00c1ngel de la Guarda lleg\u00f3 a Medell\u00edn el 24 de Agosto de 1962, con la idea de fundar una escuela parroquial que brindara educaci\u00f3n a ni\u00f1as de 1\u00b0 a 5\u00b0 grado de primaria en el Sector de Guayabal.<\/p>\n\n\n\n<p class=\"has-black-color has-text-color has-link-color has-small-font-size wp-elements-0918a8b1942e5870cbec40c9b0a1c4a8\">El 11 de febrero de 1963 fue fundado el nuevo plantel, que tuvo como local, un espacio adjunto al templo de Cristo Rey. Se construyeron por acci\u00f3n comunal 5 salones en forma de enramada y en menos de dos meses de trabajo se daba al servicio la nueva escuela gratuita con capacidad para 250 alumnas.<\/p>\n\n\n\n<p class=\"has-black-color has-text-color has-link-color has-small-font-size wp-elements-e5c5c4cbf437e754f60a5a3ca2ea780b\">La escuela parroquial paso a ser escuela oficial con licencia de funcionamiento otorgada por la Secretar\u00eda de Educaci\u00f3n Departamental el 12 de Diciembre de 1963.<\/p>\n\n\n\n<p class=\"has-black-color has-text-color has-link-color has-small-font-size wp-elements-161dfc0d6d0712b674bcf79671c836de\">&nbsp;Para aquella \u00e9poca se cont\u00f3 con la ayuda y acompa\u00f1amiento decidido de los padres de familia que unidos a la comunidad del barrio y a la Congregaci\u00f3n de las Hermanas del Santo \u00c1ngel de la Guarda, aunaron esfuerzos hasta lograr la construcci\u00f3n de la planta f\u00edsica.<\/p>\n\n\n\n<p class=\"has-black-color has-text-color has-link-color has-small-font-size wp-elements-11631b715007d12e7e29780abb190836\">&nbsp;<strong>Febrero de 1965<\/strong>: Inicia el Bachillerato Privado de 1\u00b0 a 4\u00b0, sostenido por los padres de familia, hasta 1981.<\/p>\n\n\n\n<p class=\"has-black-color has-text-color has-link-color has-small-font-size wp-elements-971ad43d56026b2683fc332cccc1a56b\"><strong>1967:&nbsp;<\/strong>Se aprueban los 4 grados de la B\u00e1sica Secundaria.<\/p>\n\n\n\n<p class=\"has-black-color has-text-color has-link-color has-small-font-size wp-elements-27e6457a24bc8ebc425feb90882ef22f\">&nbsp;<strong>1981:<\/strong>&nbsp;&nbsp;La Representante Legal de la Congregaci\u00f3n de las Hermanas del Santo \u00c1ngel de la Guarda, firma un comodato con el Gobernador de Antioquia y se garantiza la educaci\u00f3n gratuita y la gobernaci\u00f3n asume el pago de la nomina de los docentes, mientras la planta f\u00edsica pertenece a la Congregaci\u00f3n de las Hermanas del Santo \u00c1ngel.<\/p>\n\n\n\n<p class=\"has-black-color has-text-color has-link-color has-small-font-size wp-elements-e8dda6f990fea0c88c20b148602949e0\">&nbsp;<strong>23 de Septiembre de 1981:<\/strong>&nbsp; se oficializa el bachillerato con el nombre de IDEM &nbsp;Santo \u00c1ngel.<\/p>\n\n\n\n<p class=\"has-black-color has-text-color has-link-color has-small-font-size wp-elements-e47ac750c6ae4e5de9c8135b31a665d7\">&nbsp;<strong>1984:<\/strong>&nbsp; Se ampl\u00eda la cobertura a la media vocacional, hoy media acad\u00e9mica.<\/p>\n\n\n\n<p class=\"has-black-color has-text-color has-link-color has-small-font-size wp-elements-40b492f6e3f5f88344eebc47bdd9ef96\">&nbsp;<strong>1986:<\/strong>&nbsp; Se proclaman las primeras bachilleres.<\/p>\n\n\n\n<p class=\"has-black-color has-text-color has-link-color has-small-font-size wp-elements-98975b876dca1aeb34ae8cd2d701d771\">&nbsp;<strong>26 de Noviembre de 2001:<\/strong>&nbsp; de la fusi\u00f3n de la escuela y el liceo, nace la Instituci\u00f3n Educativa Santo \u00c1ngel.<\/p>\n\n\n<div class=\"wp-block-image\">\n<figure class=\"alignright size-full is-resized\"><img decoding=\"async\" width=\"431\" height=\"286\" src=\"https:\/\/iesantoangelmed.edu.co\/wp-content\/uploads\/2023\/09\/image-75.png\" alt=\"\" class=\"wp-image-1621\" style=\"width:501px;height:333px\" srcset=\"https:\/\/iesantoangelmed.edu.co\/wp-content\/uploads\/2023\/09\/image-75.png 431w, https:\/\/iesantoangelmed.edu.co\/wp-content\/uploads\/2023\/09\/image-75-300x199.png 300w\" sizes=\"(max-width: 431px) 100vw, 431px\" \/><\/figure>\n<\/div>\n\n\n<p class=\"has-black-color has-text-color has-link-color has-small-font-size wp-elements-401a1c8f6079840629abc12aaa0f87a6\">&nbsp;<strong>2015:<\/strong>&nbsp; Se han proclamado 30 promociones.<\/p>\n\n\n\n<p class=\"has-black-color has-text-color has-link-color has-small-font-size wp-elements-334ae2c1ac22d003b11c2fafc927623f\">&nbsp;Desde el 2001, las estudiantes se la han posicionado como una de las mejores Instituciones oficiales en Pruebas saber Once.<\/p>\n\n\n\n<p class=\"has-black-color has-text-color has-link-color has-small-font-size wp-elements-edc0504ca150692e63da91445ab79f12\">La formaci\u00f3n acad\u00e9mica que reciben las estudiantes, les ha permitido el ingreso a muchas de ellas a las mejores universidades para iniciar su formaci\u00f3n profesional.<\/p>\n\n\n<div class=\"wp-block-image\">\n<figure class=\"alignleft size-full is-resized\"><img loading=\"lazy\" decoding=\"async\" width=\"281\" height=\"315\" src=\"https:\/\/iesantoangelmed.edu.co\/wp-content\/uploads\/2023\/09\/image-76.png\" alt=\"\" class=\"wp-image-1622\" style=\"width:211px;height:236px\" srcset=\"https:\/\/iesantoangelmed.edu.co\/wp-content\/uploads\/2023\/09\/image-76.png 281w, https:\/\/iesantoangelmed.edu.co\/wp-content\/uploads\/2023\/09\/image-76-268x300.png 268w\" sizes=\"(max-width: 281px) 100vw, 281px\" \/><\/figure>\n<\/div>\n\n\n<p class=\"has-black-color has-text-color has-link-color has-small-font-size wp-elements-78c4a488ca6db1f2df0f438efe2e4add\">Hasta el a\u00f1o 2007, la Instituci\u00f3n fue dirigida por las Hermanas del Santo \u00c1ngel de la Guarda y a partir de este a\u00f1o pasa a ser dirigida por laicos nombrados por la Secretar\u00eda de Educaci\u00f3n de Medell\u00edn y quienes le han dado continuidad al proyecto de formaci\u00f3n integral de las estudiantes orientados por el carisma y .Proyecto Pastoral de las Hermanas del Santo \u00c1ngel de la Guarda y la Pedagog\u00eda de los Fundadores.<\/p>\n","protected":false},"excerpt":{"rendered":"<p>NUESTROS FUNDADORES NUESTRA HISTORIA La Congregaci\u00f3n Religiosa de las Hermanas del Santo \u00c1ngel de la Guarda lleg\u00f3 a Medell\u00edn el 24 de Agosto de 1962, con la idea de fundar &#8230;<\/p>\n","protected":false},"author":2,"featured_media":0,"parent":0,"menu_order":0,"comment_status":"closed","ping_status":"closed","template":"","meta":{"_background_id":0,"_xo_background":[],"footnotes":""},"class_list":["post-1594","page","type-page","status-publish","hentry"],"_links":{"self":[{"href":"https:\/\/iesantoangelmed.edu.co\/index.php\/wp-json\/wp\/v2\/pages\/1594","targetHints":{"allow":["GET"]}}],"collection":[{"href":"https:\/\/iesantoangelmed.edu.co\/index.php\/wp-json\/wp\/v2\/pages"}],"about":[{"href":"https:\/\/iesantoangelmed.edu.co\/index.php\/wp-json\/wp\/v2\/types\/page"}],"author":[{"embeddable":true,"href":"https:\/\/iesantoangelmed.edu.co\/index.php\/wp-json\/wp\/v2\/users\/2"}],"replies":[{"embeddable":true,"href":"https:\/\/iesantoangelmed.edu.co\/index.php\/wp-json\/wp\/v2\/comments?post=1594"}],"version-history":[{"count":15,"href":"https:\/\/iesantoangelmed.edu.co\/index.php\/wp-json\/wp\/v2\/pages\/1594\/revisions"}],"predecessor-version":[{"id":2835,"href":"https:\/\/iesantoangelmed.edu.co\/index.php\/wp-json\/wp\/v2\/pages\/1594\/revisions\/2835"}],"wp:attachment":[{"href":"https:\/\/iesantoangelmed.edu.co\/index.php\/wp-json\/wp\/v2\/media?parent=1594"}],"curies":[{"name":"wp","href":"https:\/\/api.w.org\/{rel}","templated":true}]}}