{"id":1560,"date":"2023-09-13T20:59:33","date_gmt":"2023-09-14T01:59:33","guid":{"rendered":"https:\/\/iesantoangelmed.edu.co\/?page_id=1560"},"modified":"2023-09-13T21:24:44","modified_gmt":"2023-09-14T02:24:44","slug":"proyecto-convivito-y-amorosa","status":"publish","type":"page","link":"https:\/\/iesantoangelmed.edu.co\/index.php\/proyecto-convivito-y-amorosa\/","title":{"rendered":"PROYECTO CONVIVITO Y AMOROSA"},"content":{"rendered":"\n<p><\/p>\n\n\n\n<p class=\"has-text-align-center has-pale-pink-color has-text-color has-x-large-font-size\"><strong>&nbsp;&nbsp;Nuestro Proyecto de Convivencia Escolar con el lema:&nbsp;<\/strong><\/p>\n\n\n\n<p><\/p>\n\n\n\n<p class=\"has-medium-font-size\"><strong><u>&#8220;La convivencia es con todos y para todos&#8221;<\/u><\/strong><\/p>\n\n\n\n<p class=\"has-medium-font-size\"><strong>OBJETIVO:&nbsp;<\/strong><strong>Afianzar la comunicaci\u00f3n, motivaci\u00f3n y encuentro con&nbsp;las estudiantes por medio de una estrategia de acercamiento motivada por los personajes de Convivito y Amorosa, en el marco del proyecto de convivencia institucional.<\/strong><\/p>\n\n\n\n<p><\/p>\n\n\n\n<p><\/p>\n\n\n\n<p class=\"has-text-align-center\"><strong>&#8220;NUESTROS&nbsp;PERSONAJES CONVIVITO Y AMOROSA NOS&nbsp; VISITAN&nbsp;&#8220;<\/strong><\/p>\n\n\n\n<p class=\"has-text-align-center has-medium-font-size\">!Hola!&nbsp;&nbsp;\u00bfMe recuerdan?<\/p>\n\n\n<div class=\"wp-block-image\">\n<figure class=\"alignright size-full is-resized\"><img decoding=\"async\" src=\"https:\/\/iesantoangelmed.edu.co\/wp-content\/uploads\/2023\/09\/image-21.png\" alt=\"\" class=\"wp-image-1256\" style=\"width:150px;height:183px\" width=\"150\" height=\"183\" srcset=\"https:\/\/iesantoangelmed.edu.co\/wp-content\/uploads\/2023\/09\/image-21.png 164w, https:\/\/iesantoangelmed.edu.co\/wp-content\/uploads\/2023\/09\/image-21-123x150.png 123w\" sizes=\"(max-width: 150px) 100vw, 150px\" \/><\/figure>\n<\/div>\n\n\n<p class=\"has-text-align-center has-medium-font-size\">Soy&nbsp;<strong>CONVIVITO,<\/strong>&nbsp;y me encanta ser tierno y tratar a todos con mucho amor.<br><img decoding=\"async\" height=\"153\" width=\"160\" src=\"https:\/\/1.bp.blogspot.com\/-Z4WvOLFvfG8\/XzmDni1UIqI\/AAAAAAAAABY\/re7YvZqGIBcMtSCc4CFbXFDlADw9lYhfwCLcBGAsYHQ\/w160-h153\/MARIPOSA.png\"><\/p>\n\n\n\n<p><\/p>\n\n\n\n<p class=\"has-text-align-center has-medium-font-size\"><strong>\u00a1Hola amiguitos!<\/strong><\/p>\n\n\n\n<p class=\"has-text-align-center has-medium-font-size\">\u00bfMe recuerdan?&nbsp; &nbsp;Soy&nbsp;<strong>AMOROSA<\/strong>&nbsp;la mariposa.<strong><br><\/strong>Sabemos&nbsp; que&nbsp; nuestros ni\u00f1os angelinos&nbsp; &nbsp;aman&nbsp; y&nbsp; extra\u00f1an&nbsp; a&nbsp; nuestros&nbsp; personajes&nbsp; &nbsp;Convivito&nbsp; &nbsp;y&nbsp; Amorosa,&nbsp; &nbsp; por&nbsp; ello&nbsp; &nbsp;las&nbsp; &nbsp;invitamos&nbsp; &nbsp;a&nbsp; que observen&nbsp; el&nbsp; siguiente&nbsp; v\u00eddeo&nbsp;,&nbsp; dale&nbsp; play!&nbsp; \ud83d\udc47&nbsp;&nbsp;<\/p>\n\n\n\n<p><\/p>\n\n\n\n<figure class=\"wp-block-embed aligncenter is-type-rich is-provider-gestor-del-servicio wp-block-embed-gestor-del-servicio wp-embed-aspect-16-9 wp-has-aspect-ratio\"><div class=\"wp-block-embed__wrapper\">\n<iframe title=\"CONVIVITO EN CASA2\" width=\"800\" height=\"450\" src=\"https:\/\/www.youtube.com\/embed\/MesSIaG-hFk?feature=oembed\" frameborder=\"0\" allow=\"accelerometer; autoplay; clipboard-write; encrypted-media; gyroscope; picture-in-picture; web-share\" allowfullscreen><\/iframe>\n<\/div><\/figure>\n\n\n\n<p><\/p>\n\n\n\n<p class=\"has-text-align-center\"><strong>Pronto en cada hogar estar\u00e1n&nbsp;estos lindos personajes visit\u00e1ndolas&nbsp;y acompa\u00f1\u00e1ndolas&nbsp;y dando p\u00edldoras&nbsp;de amor y convivencia a cada familia.&nbsp;ESP\u00c9RALOS.<\/strong><\/p>\n\n\n<div class=\"wp-block-image\">\n<figure class=\"aligncenter is-resized\"><a href=\"https:\/\/1.bp.blogspot.com\/-URb-LLDKklI\/XzmOLg3LOJI\/AAAAAAAAAB8\/L94ZtFCADC8WnjzzJs1oNzYRVW2IuqM6gCLcBGAsYHQ\/s400\/%25C2%25A1%2Bconvivito%2By%2Bamorosa%2Bmas%2Bcerca%2Bde%2Bti%2521.gif\"><img fetchpriority=\"high\" decoding=\"async\" src=\"https:\/\/1.bp.blogspot.com\/-URb-LLDKklI\/XzmOLg3LOJI\/AAAAAAAAAB8\/L94ZtFCADC8WnjzzJs1oNzYRVW2IuqM6gCLcBGAsYHQ\/w320-h227\/%25C2%25A1%2Bconvivito%2By%2Bamorosa%2Bmas%2Bcerca%2Bde%2Bti%2521.gif\" alt=\"\" style=\"width:328px;height:233px\" width=\"328\" height=\"233\"\/><\/a><\/figure>\n<\/div>\n\n\n<p>                                   <strong>As\u00ed practicaras en casa los 7 Aprenderes de nuestro Manual de Convivencia para&nbsp;CONVIVIR:<\/strong><\/p>\n\n\n\n<p>                                                             <strong>*Aprender a no agredir al cong\u00e9nere.<\/strong><\/p>\n\n\n<div class=\"wp-block-image\">\n<figure class=\"alignright is-resized\"><a href=\"https:\/\/1.bp.blogspot.com\/-NBDDXiN0rMQ\/XzmIusOYnyI\/AAAAAAAAABo\/fgRxtn7nwx4XsOdgXLkEitAxilQZCMYqgCLcBGAsYHQ\/s320\/ANGEL.jpg\"><img loading=\"lazy\" decoding=\"async\" src=\"https:\/\/1.bp.blogspot.com\/-NBDDXiN0rMQ\/XzmIusOYnyI\/AAAAAAAAABo\/fgRxtn7nwx4XsOdgXLkEitAxilQZCMYqgCLcBGAsYHQ\/w138-h205\/ANGEL.jpg\" alt=\"\" style=\"width:137px;height:205px\" width=\"137\" height=\"205\"\/><\/a><\/figure>\n<\/div>\n\n\n<p>                                                                      <strong>*Aprender a comunicarse<\/strong><\/p>\n\n\n\n<p class=\"has-text-align-center\"><strong>*Aprender a interactuar<\/strong><\/p>\n\n\n\n<p class=\"has-text-align-center\"><strong>*Aprender a decidir en grupo<\/strong><\/p>\n\n\n\n<p class=\"has-text-align-center\"><strong>*Aprender a cuidarme<\/strong><\/p>\n\n\n\n<p class=\"has-text-align-center\"><strong>*Aprender a cuidar el entorno<\/strong><\/p>\n\n\n\n<p class=\"has-text-align-center\"><strong>*Aprender a valorar el saber social y cultural.<\/strong><\/p>\n\n\n\n<p class=\"has-text-align-left\">                                                                     <em><strong>\u201cAl vivir y convivir se aprende\u201d<\/strong><\/em><\/p>\n\n\n<div class=\"wp-block-image\">\n<figure class=\"aligncenter is-resized\"><a href=\"https:\/\/1.bp.blogspot.com\/-8sBUkGAHz8k\/X4W-vmEInwI\/AAAAAAAAAMg\/o2LAW3OVy_E4RbLTKmuBNrNuoTQucg4RACPcBGAYYCw\/s612\/prevencion1.jpg\"><img loading=\"lazy\" decoding=\"async\" src=\"https:\/\/1.bp.blogspot.com\/-8sBUkGAHz8k\/X4W-vmEInwI\/AAAAAAAAAMg\/o2LAW3OVy_E4RbLTKmuBNrNuoTQucg4RACPcBGAYYCw\/w640-h418\/prevencion1.jpg\" alt=\"\" style=\"width:703px;height:460px\" width=\"703\" height=\"460\"\/><\/a><\/figure>\n<\/div>\n\n\n<p><\/p>\n\n\n\n<p><\/p>\n\n\n\n<p><\/p>\n\n\n\n<h3 class=\"wp-block-heading has-text-align-center has-medium-font-size\"><strong>\u00bfQu\u00e9 entendemos por Convivencia?<\/strong><\/h3>\n\n\n\n<p><\/p>\n\n\n\n<p class=\"has-text-align-center has-medium-font-size\">Todos los d\u00edas compartimos espacios con otras personas.<\/p>\n\n\n\n<p class=\"has-text-align-center has-medium-font-size\">Al acto de vivir en compa\u00f1\u00eda de otros, le llamamos<\/p>\n\n\n\n<p class=\"has-text-align-center has-medium-font-size\">CONVIVENCIA.<\/p>\n\n\n\n<p><\/p>\n\n\n\n<p class=\"has-text-align-center has-medium-font-size\"><strong>CONVIVENCIA FAMILIAR<\/strong><\/p>\n\n\n\n<p class=\"has-text-align-center has-medium-font-size\">El hogar es un ambiente propicio para que, tras varios a\u00f1os<\/p>\n\n\n\n<p class=\"has-text-align-center has-medium-font-size\">de&nbsp;<strong>convivencia<\/strong>&nbsp;y conocimiento entre sus miembros, se desarrollen valores de amor y uni\u00f3n&nbsp;<strong>familiar<\/strong>&nbsp;pero tambi\u00e9n de respeto al espacio de cada uno, todo ello mediante la adopci\u00f3n de actitudes de armon\u00eda, cooperaci\u00f3n, tolerancia y honestidad.<strong><\/strong><\/p>\n\n\n\n<p><\/p>\n\n\n\n<p><\/p>\n\n\n\n<p class=\"has-text-align-center\"><strong><u>CONOZCAMOS NUESTRAS EMOCIONES<\/u><\/strong><\/p>\n\n\n\n<p class=\"has-text-align-center\"><strong>SON MUY IMPORTANTES PARA: Expresar lo que Sentimos<\/strong><\/p>\n\n\n\n<p class=\"has-text-align-center\"><a href=\"https:\/\/1.bp.blogspot.com\/-HybdCDg1ObE\/X4SzZM-sHPI\/AAAAAAAAAME\/Vja1FHbt-LEKn9acm9uoZOigriLmKQERgCLcBGAsYHQ\/s225\/images%2B%25282%2529.jpg\"><\/a><img loading=\"lazy\" decoding=\"async\" height=\"198\" width=\"200\" src=\"https:\/\/1.bp.blogspot.com\/-ndiUhYzJttg\/X4SwwH28DeI\/AAAAAAAAAL8\/aGNcVoR3q6I6Ch3OT0bdmSmZK1Cmj0Z3gCPcBGAYYCw\/w200-h198\/depositphotos_32484465-stock-illustration-cartoon-faces-with-emotions.jpg\"> <\/p>\n\n\n\n<p><\/p>\n\n\n\n<p><\/p>\n\n\n\n<p><\/p>\n\n\n<div class=\"wp-block-image\">\n<figure class=\"alignleft is-resized\"><a href=\"https:\/\/1.bp.blogspot.com\/-MW7nNUIEe4E\/X4W_Nf8shrI\/AAAAAAAAAMk\/MmpywHQMF5EOcfYWD5UFNLhlk4cJU2RxACLcBGAsYHQ\/s1280\/maxresdefault.jpg\"><img loading=\"lazy\" decoding=\"async\" src=\"https:\/\/1.bp.blogspot.com\/-MW7nNUIEe4E\/X4W_Nf8shrI\/AAAAAAAAAMk\/MmpywHQMF5EOcfYWD5UFNLhlk4cJU2RxACLcBGAsYHQ\/w640-h360\/maxresdefault.jpg\" alt=\"\" style=\"width:349px;height:196px\" width=\"349\" height=\"196\"\/><\/a><\/figure>\n<\/div>\n\n\n<p><\/p>\n\n\n\n<p><\/p>\n\n\n\n<p><strong>Dec\u00e1logo para mantener una convivencia familiar sin violencia<\/strong><\/p>\n\n\n\n<p class=\"has-text-align-center\">Durante la contingencia te invitamos a permanecer en casa y llevar una vida sin violencia, solidaria, responsable y con respecto.<\/p>\n\n\n\n<p><\/p>\n\n\n\n<p><\/p>\n\n\n\n<p><\/p>\n\n\n\n<figure class=\"wp-block-embed aligncenter is-type-rich is-provider-gestor-del-servicio wp-block-embed-gestor-del-servicio wp-embed-aspect-16-9 wp-has-aspect-ratio\"><div class=\"wp-block-embed__wrapper\">\n<iframe title=\"Dec\u00e1logo para mantener una convivencia familiar sin violencia\" width=\"800\" height=\"450\" src=\"https:\/\/www.youtube.com\/embed\/USNLMMdz9mk?feature=oembed\" frameborder=\"0\" allow=\"accelerometer; autoplay; clipboard-write; encrypted-media; gyroscope; picture-in-picture; web-share\" allowfullscreen><\/iframe>\n<\/div><\/figure>\n\n\n\n<p><\/p>\n\n\n\n<p><\/p>\n","protected":false},"excerpt":{"rendered":"<p>&nbsp;&nbsp;Nuestro Proyecto de Convivencia Escolar con el lema:&nbsp; &#8220;La convivencia es con todos y para todos&#8221; OBJETIVO:&nbsp;Afianzar la comunicaci\u00f3n, motivaci\u00f3n y encuentro con&nbsp;las estudiantes por medio de una estrategia de &#8230;<\/p>\n","protected":false},"author":2,"featured_media":0,"parent":0,"menu_order":0,"comment_status":"closed","ping_status":"closed","template":"","meta":{"_background_id":0,"_xo_background":[],"footnotes":""},"class_list":["post-1560","page","type-page","status-publish","hentry"],"_links":{"self":[{"href":"https:\/\/iesantoangelmed.edu.co\/index.php\/wp-json\/wp\/v2\/pages\/1560","targetHints":{"allow":["GET"]}}],"collection":[{"href":"https:\/\/iesantoangelmed.edu.co\/index.php\/wp-json\/wp\/v2\/pages"}],"about":[{"href":"https:\/\/iesantoangelmed.edu.co\/index.php\/wp-json\/wp\/v2\/types\/page"}],"author":[{"embeddable":true,"href":"https:\/\/iesantoangelmed.edu.co\/index.php\/wp-json\/wp\/v2\/users\/2"}],"replies":[{"embeddable":true,"href":"https:\/\/iesantoangelmed.edu.co\/index.php\/wp-json\/wp\/v2\/comments?post=1560"}],"version-history":[{"count":5,"href":"https:\/\/iesantoangelmed.edu.co\/index.php\/wp-json\/wp\/v2\/pages\/1560\/revisions"}],"predecessor-version":[{"id":1591,"href":"https:\/\/iesantoangelmed.edu.co\/index.php\/wp-json\/wp\/v2\/pages\/1560\/revisions\/1591"}],"wp:attachment":[{"href":"https:\/\/iesantoangelmed.edu.co\/index.php\/wp-json\/wp\/v2\/media?parent=1560"}],"curies":[{"name":"wp","href":"https:\/\/api.w.org\/{rel}","templated":true}]}}