{"id":1451,"date":"2023-09-13T12:22:13","date_gmt":"2023-09-13T17:22:13","guid":{"rendered":"https:\/\/iesantoangelmed.edu.co\/?page_id=1451"},"modified":"2023-09-19T07:35:00","modified_gmt":"2023-09-19T12:35:00","slug":"peep","status":"publish","type":"page","link":"https:\/\/iesantoangelmed.edu.co\/index.php\/peep\/","title":{"rendered":"PROGRAMA ENTORNO ESCOLAR  PROTECTOR"},"content":{"rendered":"\n<p><\/p>\n\n\n\n<p class=\"has-text-align-center has-white-color has-pale-cyan-blue-background-color has-text-color has-background has-large-font-size\"><strong><em>RAZ\u00d3N DE SER DEL PROGRAMA PEEP<\/em><\/strong><\/p>\n\n\n\n<p><\/p>\n\n\n\n<p class=\"has-text-align-center has-medium-font-size\">Desde el Programa Entorno Escolar Protector se crean diversas herramientas pedag\u00f3gicas para el acompa\u00f1amiento y apoyo a las Instituciones Educativas. Adicionalmente, se referencian herramientas innovadoras del ambiente educativo que podr\u00e1n ser de su inter\u00e9s y utilidad. Aqu\u00ed se encuentra material como: gu\u00edas, talleres, infograf\u00edas, videos, audios, juegos, im\u00e1genes y piezas gr\u00e1ficas que permiten abarcar diferentes tem\u00e1ticas<\/p>\n\n\n\n<p><\/p>\n\n\n\n<figure class=\"wp-block-embed aligncenter is-type-video is-provider-youtube wp-block-embed-youtube wp-embed-aspect-16-9 wp-has-aspect-ratio\"><div class=\"wp-block-embed__wrapper\">\n<iframe title=\"Entorno Escolar Protector\" width=\"800\" height=\"450\" src=\"https:\/\/www.youtube.com\/embed\/3K5NXBBEwx8?feature=oembed\" frameborder=\"0\" allow=\"accelerometer; autoplay; clipboard-write; encrypted-media; gyroscope; picture-in-picture; web-share\" allowfullscreen><\/iframe>\n<\/div><\/figure>\n\n\n\n<figure class=\"wp-block-image size-full is-resized\"><img fetchpriority=\"high\" decoding=\"async\" src=\"https:\/\/iesantoangelmed.edu.co\/wp-content\/uploads\/2023\/09\/image-86.png\" alt=\"\" class=\"wp-image-1732\" style=\"width:603px;height:735px\" width=\"603\" height=\"735\" srcset=\"https:\/\/iesantoangelmed.edu.co\/wp-content\/uploads\/2023\/09\/image-86.png 500w, https:\/\/iesantoangelmed.edu.co\/wp-content\/uploads\/2023\/09\/image-86-246x300.png 246w\" sizes=\"(max-width: 603px) 100vw, 603px\" \/><\/figure>\n","protected":false},"excerpt":{"rendered":"<p>RAZ\u00d3N DE SER DEL PROGRAMA PEEP Desde el Programa Entorno Escolar Protector se crean diversas herramientas pedag\u00f3gicas para el acompa\u00f1amiento y apoyo a las Instituciones Educativas. Adicionalmente, se referencian herramientas &#8230;<\/p>\n","protected":false},"author":2,"featured_media":0,"parent":0,"menu_order":0,"comment_status":"closed","ping_status":"closed","template":"","meta":{"_background_id":0,"_xo_background":[],"footnotes":""},"class_list":["post-1451","page","type-page","status-publish","hentry"],"_links":{"self":[{"href":"https:\/\/iesantoangelmed.edu.co\/index.php\/wp-json\/wp\/v2\/pages\/1451","targetHints":{"allow":["GET"]}}],"collection":[{"href":"https:\/\/iesantoangelmed.edu.co\/index.php\/wp-json\/wp\/v2\/pages"}],"about":[{"href":"https:\/\/iesantoangelmed.edu.co\/index.php\/wp-json\/wp\/v2\/types\/page"}],"author":[{"embeddable":true,"href":"https:\/\/iesantoangelmed.edu.co\/index.php\/wp-json\/wp\/v2\/users\/2"}],"replies":[{"embeddable":true,"href":"https:\/\/iesantoangelmed.edu.co\/index.php\/wp-json\/wp\/v2\/comments?post=1451"}],"version-history":[{"count":4,"href":"https:\/\/iesantoangelmed.edu.co\/index.php\/wp-json\/wp\/v2\/pages\/1451\/revisions"}],"predecessor-version":[{"id":1742,"href":"https:\/\/iesantoangelmed.edu.co\/index.php\/wp-json\/wp\/v2\/pages\/1451\/revisions\/1742"}],"wp:attachment":[{"href":"https:\/\/iesantoangelmed.edu.co\/index.php\/wp-json\/wp\/v2\/media?parent=1451"}],"curies":[{"name":"wp","href":"https:\/\/api.w.org\/{rel}","templated":true}]}}