{"id":1357,"date":"2023-09-12T21:04:06","date_gmt":"2023-09-13T02:04:06","guid":{"rendered":"https:\/\/iesantoangelmed.edu.co\/?page_id=1357"},"modified":"2026-01-14T10:51:11","modified_gmt":"2026-01-14T15:51:11","slug":"rendicion-de-cuentas","status":"publish","type":"page","link":"https:\/\/iesantoangelmed.edu.co\/index.php\/rendicion-de-cuentas\/","title":{"rendered":"RENDICI\u00d3N DE CUENTAS"},"content":{"rendered":"\n<p class=\"has-text-align-center has-pale-pink-background-color has-background has-large-font-size\"><strong><a href=\"https:\/\/drive.google.com\/drive\/folders\/12myVKZYy9z2v2t-BdN9fCLVK8I3slvlA?usp=drive_link\">RENDICI\u00d3N 2026<\/a><\/strong><\/p>\n\n\n\n<p class=\"has-text-align-center has-white-color has-light-green-cyan-background-color has-text-color has-background has-link-color has-large-font-size wp-elements-ee17f5c84ff980517f1d18eaafec4b08\"><strong><a href=\"https:\/\/drive.google.com\/drive\/folders\/1pxyAg2-Zyd6qEA61ElXloLbwnPy9xP5t?usp=drive_link\" data-type=\"link\" data-id=\"https:\/\/drive.google.com\/drive\/folders\/1pxyAg2-Zyd6qEA61ElXloLbwnPy9xP5t?usp=drive_link\">RENDICI\u00d3N 2025<\/a><\/strong><\/p>\n\n\n\n<p class=\"has-text-align-center has-white-color has-text-color has-background has-link-color has-large-font-size wp-elements-51dee09456fd4475ad34042be3504e51\" style=\"background-color:#edbabf\"><strong><a href=\"https:\/\/drive.google.com\/drive\/folders\/1n_OfpwuGrADcJFIoPqgpuF5ztdwdRZqo?usp=sharing\" target=\"_blank\" rel=\"noreferrer noopener\">RENDICI\u00d3N 2024<\/a><\/strong><\/p>\n\n\n\n<p class=\"has-text-align-center has-white-color has-pale-cyan-blue-background-color has-text-color has-background has-link-color has-large-font-size wp-elements-cde06e3ec014f8c410b9ab084ae074a1\"><strong><a href=\"https:\/\/drive.google.com\/drive\/folders\/1J9K2zDtv08wZxPO1ITwPRrYs0rkUuTY2?usp=sharing\" target=\"_blank\" rel=\"noreferrer noopener\">RENDICI\u00d3N 2023<\/a><\/strong><\/p>\n\n\n\n<p class=\"has-text-align-center has-white-color has-vivid-purple-background-color has-text-color has-background has-link-color has-large-font-size wp-elements-f8781c86ba0b56d4e95d1c6ccfd13c16\"><strong><a href=\"https:\/\/drive.google.com\/drive\/folders\/1epDY3OUYRs9_MPd1av9u7EHYiE5y6afF?usp=sharing\" target=\"_blank\" rel=\"noreferrer noopener\">RENDICI\u00d3N 2022<\/a><\/strong><\/p>\n\n\n\n<p class=\"has-text-align-center has-white-color has-luminous-vivid-amber-background-color has-text-color has-background has-link-color has-large-font-size wp-elements-b21e507654fe87d274d8092a9cd9a1cc\"><strong><a href=\"https:\/\/drive.google.com\/drive\/folders\/1nsGJcvAiMKqeI0cLTAWrD9hlPUxydaRe?usp=sharing\" target=\"_blank\" rel=\"noreferrer noopener\">RENDICI\u00d3N 2021<\/a><\/strong><\/p>\n\n\n\n<p class=\"has-text-align-center has-white-color has-vivid-purple-background-color has-text-color has-background has-link-color has-large-font-size wp-elements-bbbe4609318ff21f0aa9762769657ea5\"><strong><a href=\"https:\/\/drive.google.com\/drive\/folders\/1W5Mtt2CEyFJ9aN2oqMPvmpY8C3WhhX-u?usp=sharing\" data-type=\"link\" data-id=\"https:\/\/drive.google.com\/drive\/folders\/1W5Mtt2CEyFJ9aN2oqMPvmpY8C3WhhX-u?usp=sharing\" target=\"_blank\" rel=\"noreferrer noopener\">RENDICI\u00d3N 2020<\/a><\/strong><\/p>\n\n\n\n<p class=\"has-text-align-center has-white-color has-pale-pink-background-color has-text-color has-background has-link-color has-large-font-size wp-elements-6a1214ead956f369836b51322a6f39cf\"><strong><a href=\"https:\/\/drive.google.com\/drive\/folders\/1gK7XAWp2IiwCxe1VanImVWcEcGheOb5e?usp=sharing\" target=\"_blank\" rel=\"noreferrer noopener\">RENDICI\u00d3N 2019<\/a><\/strong><\/p>\n","protected":false},"excerpt":{"rendered":"<p>RENDICI\u00d3N 2026 RENDICI\u00d3N 2025 RENDICI\u00d3N 2024 RENDICI\u00d3N 2023 RENDICI\u00d3N 2022 RENDICI\u00d3N 2021 RENDICI\u00d3N 2020 RENDICI\u00d3N 2019<\/p>\n","protected":false},"author":2,"featured_media":0,"parent":0,"menu_order":0,"comment_status":"closed","ping_status":"closed","template":"","meta":{"_background_id":0,"_xo_background":[],"footnotes":""},"class_list":["post-1357","page","type-page","status-publish","hentry"],"_links":{"self":[{"href":"https:\/\/iesantoangelmed.edu.co\/index.php\/wp-json\/wp\/v2\/pages\/1357","targetHints":{"allow":["GET"]}}],"collection":[{"href":"https:\/\/iesantoangelmed.edu.co\/index.php\/wp-json\/wp\/v2\/pages"}],"about":[{"href":"https:\/\/iesantoangelmed.edu.co\/index.php\/wp-json\/wp\/v2\/types\/page"}],"author":[{"embeddable":true,"href":"https:\/\/iesantoangelmed.edu.co\/index.php\/wp-json\/wp\/v2\/users\/2"}],"replies":[{"embeddable":true,"href":"https:\/\/iesantoangelmed.edu.co\/index.php\/wp-json\/wp\/v2\/comments?post=1357"}],"version-history":[{"count":9,"href":"https:\/\/iesantoangelmed.edu.co\/index.php\/wp-json\/wp\/v2\/pages\/1357\/revisions"}],"predecessor-version":[{"id":2786,"href":"https:\/\/iesantoangelmed.edu.co\/index.php\/wp-json\/wp\/v2\/pages\/1357\/revisions\/2786"}],"wp:attachment":[{"href":"https:\/\/iesantoangelmed.edu.co\/index.php\/wp-json\/wp\/v2\/media?parent=1357"}],"curies":[{"name":"wp","href":"https:\/\/api.w.org\/{rel}","templated":true}]}}