{"id":1206,"date":"2023-09-11T09:47:56","date_gmt":"2023-09-11T14:47:56","guid":{"rendered":"https:\/\/iesantoangelmed.edu.co\/?page_id=1206"},"modified":"2023-12-19T08:40:41","modified_gmt":"2023-12-19T13:40:41","slug":"docentes-secundaria","status":"publish","type":"page","link":"https:\/\/iesantoangelmed.edu.co\/index.php\/docentes-secundaria\/","title":{"rendered":"DOCENTES SECUNDARIA"},"content":{"rendered":"\n<p class=\"has-large-font-size\"><strong>ASIGNACI\u00d3N ACAD\u00c9MICA&nbsp; 2024<\/strong><\/p>\n\n\n\n<p class=\"has-text-color has-link-color wp-elements-8e24e457223ac58b2b925340e611d818\" style=\"color:#0718e3\"><strong>CONTACTO CON LOS DOCENTES Y DIRECTIVOS<\/strong><\/p>\n\n\n\n<p class=\"has-text-color has-link-color wp-elements-b12a77fd21507e96f713a3b750b3684c\" style=\"color:#0718e3\">Este son los correos electr\u00f3nicos disponibles para favorecer la comunicaci\u00f3n con cada una de Ustedes.&nbsp;<\/p>\n\n\n\n<p class=\"has-text-color has-link-color wp-elements-bef0696e5ad1fc6f5e17b81ee94d6c57\" style=\"color:#0718e3\">Tengan en cuenta las observaciones que cada uno estableci\u00f3.<\/p>\n\n\n\n<p class=\"has-text-color has-link-color wp-elements-e0a78fc0c2a686c6813c5a794764e2be\" style=\"color:#0718e3\"><\/p>\n\n\n\n<div data-wp-interactive=\"core\/file\" class=\"wp-block-file\"><object data-wp-bind--hidden=\"!state.hasPdfPreview\" hidden class=\"wp-block-file__embed\" data=\"https:\/\/iesantoangelmed.edu.co\/wp-content\/uploads\/2023\/12\/DATOS-DE-CONTACTO-DOCENTES-BACHILLERATO-COMPLETO-PARA-PUBLICAR.pdf\" type=\"application\/pdf\" style=\"width:100%;height:600px\" aria-label=\"Incrustado de DATOS-DE-CONTACTO-DOCENTES-BACHILLERATO-COMPLETO-PARA-PUBLICAR.\"><\/object><a id=\"wp-block-file--media-06707c28-8942-4819-88ad-5c2eec4d09dc\" href=\"https:\/\/iesantoangelmed.edu.co\/wp-content\/uploads\/2023\/12\/DATOS-DE-CONTACTO-DOCENTES-BACHILLERATO-COMPLETO-PARA-PUBLICAR.pdf\">DATOS-DE-CONTACTO-DOCENTES-BACHILLERATO-COMPLETO-PARA-PUBLICAR<\/a><a href=\"https:\/\/iesantoangelmed.edu.co\/wp-content\/uploads\/2023\/12\/DATOS-DE-CONTACTO-DOCENTES-BACHILLERATO-COMPLETO-PARA-PUBLICAR.pdf\" class=\"wp-block-file__button wp-element-button\" download aria-describedby=\"wp-block-file--media-06707c28-8942-4819-88ad-5c2eec4d09dc\">Descargar<\/a><\/div>\n","protected":false},"excerpt":{"rendered":"<p>ASIGNACI\u00d3N ACAD\u00c9MICA&nbsp; 2024 CONTACTO CON LOS DOCENTES Y DIRECTIVOS Este son los correos electr\u00f3nicos disponibles para favorecer la comunicaci\u00f3n con cada una de Ustedes.&nbsp; Tengan en cuenta las observaciones que &#8230;<\/p>\n","protected":false},"author":2,"featured_media":0,"parent":0,"menu_order":0,"comment_status":"closed","ping_status":"closed","template":"","meta":{"_background_id":0,"_xo_background":[],"footnotes":""},"class_list":["post-1206","page","type-page","status-publish","hentry"],"_links":{"self":[{"href":"https:\/\/iesantoangelmed.edu.co\/index.php\/wp-json\/wp\/v2\/pages\/1206","targetHints":{"allow":["GET"]}}],"collection":[{"href":"https:\/\/iesantoangelmed.edu.co\/index.php\/wp-json\/wp\/v2\/pages"}],"about":[{"href":"https:\/\/iesantoangelmed.edu.co\/index.php\/wp-json\/wp\/v2\/types\/page"}],"author":[{"embeddable":true,"href":"https:\/\/iesantoangelmed.edu.co\/index.php\/wp-json\/wp\/v2\/users\/2"}],"replies":[{"embeddable":true,"href":"https:\/\/iesantoangelmed.edu.co\/index.php\/wp-json\/wp\/v2\/comments?post=1206"}],"version-history":[{"count":3,"href":"https:\/\/iesantoangelmed.edu.co\/index.php\/wp-json\/wp\/v2\/pages\/1206\/revisions"}],"predecessor-version":[{"id":1890,"href":"https:\/\/iesantoangelmed.edu.co\/index.php\/wp-json\/wp\/v2\/pages\/1206\/revisions\/1890"}],"wp:attachment":[{"href":"https:\/\/iesantoangelmed.edu.co\/index.php\/wp-json\/wp\/v2\/media?parent=1206"}],"curies":[{"name":"wp","href":"https:\/\/api.w.org\/{rel}","templated":true}]}}