{"id":1202,"date":"2023-09-11T09:44:05","date_gmt":"2023-09-11T14:44:05","guid":{"rendered":"https:\/\/iesantoangelmed.edu.co\/?page_id=1202"},"modified":"2023-12-19T08:31:02","modified_gmt":"2023-12-19T13:31:02","slug":"docentes-trancision","status":"publish","type":"page","link":"https:\/\/iesantoangelmed.edu.co\/index.php\/docentes-trancision\/","title":{"rendered":"DOCENTES TRANCISI\u00d3N"},"content":{"rendered":"\n<p><\/p>\n\n\n\n<p class=\"has-white-color has-text-color has-background has-large-font-size\" style=\"background:linear-gradient(135deg,rgb(255,245,203) 1%,rgb(182,227,212) 23%,rgb(51,167,181) 100%)\"><strong><em>EQUIPO DOCENTE TRANSICI\u00d3N <\/em><\/strong><\/p>\n\n\n\n<p class=\"has-medium-font-size\">Algunas docente contin\u00faan actualizando sus blogs de actividades e informaci\u00f3n. <\/p>\n\n\n\n<p class=\"has-medium-font-size\">recuerda visitarlas<\/p>\n\n\n<div class=\"wp-block-image\">\n<figure class=\"alignright size-large is-resized\"><img fetchpriority=\"high\" decoding=\"async\" width=\"1024\" height=\"1024\" src=\"https:\/\/iesantoangelmed.edu.co\/wp-content\/uploads\/2023\/09\/image-82-1024x1024.png\" alt=\"\" class=\"wp-image-1676\" style=\"width:186px;height:auto\" srcset=\"https:\/\/iesantoangelmed.edu.co\/wp-content\/uploads\/2023\/09\/image-82-1024x1024.png 1024w, https:\/\/iesantoangelmed.edu.co\/wp-content\/uploads\/2023\/09\/image-82-300x300.png 300w, https:\/\/iesantoangelmed.edu.co\/wp-content\/uploads\/2023\/09\/image-82-150x150.png 150w, https:\/\/iesantoangelmed.edu.co\/wp-content\/uploads\/2023\/09\/image-82-768x768.png 768w, https:\/\/iesantoangelmed.edu.co\/wp-content\/uploads\/2023\/09\/image-82-1536x1536.png 1536w, https:\/\/iesantoangelmed.edu.co\/wp-content\/uploads\/2023\/09\/image-82.png 2000w\" sizes=\"(max-width: 1024px) 100vw, 1024px\" \/><\/figure>\n<\/div>\n\n\n<p class=\"has-white-color has-pale-pink-background-color has-text-color has-background has-medium-font-size\"><strong>B\u00e1rbara Otilia G\u00f3mez G\u00f3mez<\/strong>: https:\/\/barbarag2021.blogspot.com\/<\/p>\n\n\n\n<p class=\"has-white-color has-pale-cyan-blue-background-color has-text-color has-background has-medium-font-size\"><strong>Sandra Milena Carvajal Garc\u00eda<\/strong>: https:\/\/nuestrotableritovirtual2021.blogspot.com\/<\/p>\n","protected":false},"excerpt":{"rendered":"<p>EQUIPO DOCENTE TRANSICI\u00d3N Algunas docente contin\u00faan actualizando sus blogs de actividades e informaci\u00f3n. recuerda visitarlas B\u00e1rbara Otilia G\u00f3mez G\u00f3mez: https:\/\/barbarag2021.blogspot.com\/ Sandra Milena Carvajal Garc\u00eda: https:\/\/nuestrotableritovirtual2021.blogspot.com\/<\/p>\n","protected":false},"author":2,"featured_media":0,"parent":0,"menu_order":0,"comment_status":"closed","ping_status":"closed","template":"","meta":{"_background_id":0,"_xo_background":[],"footnotes":""},"class_list":["post-1202","page","type-page","status-publish","hentry"],"_links":{"self":[{"href":"https:\/\/iesantoangelmed.edu.co\/index.php\/wp-json\/wp\/v2\/pages\/1202","targetHints":{"allow":["GET"]}}],"collection":[{"href":"https:\/\/iesantoangelmed.edu.co\/index.php\/wp-json\/wp\/v2\/pages"}],"about":[{"href":"https:\/\/iesantoangelmed.edu.co\/index.php\/wp-json\/wp\/v2\/types\/page"}],"author":[{"embeddable":true,"href":"https:\/\/iesantoangelmed.edu.co\/index.php\/wp-json\/wp\/v2\/users\/2"}],"replies":[{"embeddable":true,"href":"https:\/\/iesantoangelmed.edu.co\/index.php\/wp-json\/wp\/v2\/comments?post=1202"}],"version-history":[{"count":12,"href":"https:\/\/iesantoangelmed.edu.co\/index.php\/wp-json\/wp\/v2\/pages\/1202\/revisions"}],"predecessor-version":[{"id":1884,"href":"https:\/\/iesantoangelmed.edu.co\/index.php\/wp-json\/wp\/v2\/pages\/1202\/revisions\/1884"}],"wp:attachment":[{"href":"https:\/\/iesantoangelmed.edu.co\/index.php\/wp-json\/wp\/v2\/media?parent=1202"}],"curies":[{"name":"wp","href":"https:\/\/api.w.org\/{rel}","templated":true}]}}