{"id":1200,"date":"2023-09-11T09:43:15","date_gmt":"2023-09-11T14:43:15","guid":{"rendered":"https:\/\/iesantoangelmed.edu.co\/?page_id=1200"},"modified":"2025-01-15T08:00:35","modified_gmt":"2025-01-15T13:00:35","slug":"coordinacion-de-convivencia","status":"publish","type":"page","link":"https:\/\/iesantoangelmed.edu.co\/index.php\/coordinacion-de-convivencia\/","title":{"rendered":"COORDINACI\u00d3N DE CONVIVENCIA"},"content":{"rendered":"\n<p class=\"has-text-align-center has-white-color has-text-color has-background has-x-large-font-size\" style=\"background:radial-gradient(rgba(6,147,227,1) 0%,rgb(155,81,224) 100%)\"><strong>CLAUDIA MAR\u00cdA MONSALVE VAHOZ<\/strong><\/p>\n\n\n<div class=\"wp-block-image\">\n<figure class=\"aligncenter size-full\"><img fetchpriority=\"high\" decoding=\"async\" width=\"947\" height=\"523\" src=\"https:\/\/iesantoangelmed.edu.co\/wp-content\/uploads\/2025\/01\/image-1.png\" alt=\"\" class=\"wp-image-2460\" srcset=\"https:\/\/iesantoangelmed.edu.co\/wp-content\/uploads\/2025\/01\/image-1.png 947w, https:\/\/iesantoangelmed.edu.co\/wp-content\/uploads\/2025\/01\/image-1-300x166.png 300w, https:\/\/iesantoangelmed.edu.co\/wp-content\/uploads\/2025\/01\/image-1-768x424.png 768w\" sizes=\"(max-width: 947px) 100vw, 947px\" \/><\/figure>\n<\/div>\n\n\n<p class=\"has-text-align-center has-black-color has-text-color\"><strong><em>&#8220;Mi propio Don para construir el bien com\u00fan&#8221;<\/em><\/strong><\/p>\n\n\n\n<p class=\"has-text-align-center has-black-color has-text-color\"><strong>LA INSTITUCI\u00d3N&nbsp;CUENTA CON EL PROYECTO DE CONVIVENCIA ESCOLAR<\/strong><\/p>\n\n\n<div class=\"wp-block-image\">\n<figure class=\"alignleft is-resized\"><a href=\"https:\/\/1.bp.blogspot.com\/-jOmf2ql4jWI\/Xzl_mZ_vX4I\/AAAAAAAAABI\/rCjc801soLohYl2YniuTFIfsA7A1K35UgCLcBGAsYHQ\/s1000\/inclusi%25C3%25B3n-scl.jpg\"><img decoding=\"async\" src=\"https:\/\/1.bp.blogspot.com\/-jOmf2ql4jWI\/Xzl_mZ_vX4I\/AAAAAAAAABI\/rCjc801soLohYl2YniuTFIfsA7A1K35UgCLcBGAsYHQ\/w328-h328\/inclusi%25C3%25B3n-scl.jpg\" alt=\"\" style=\"width:162px;height:162px\"\/><\/a><\/figure>\n<\/div>\n\n\n<p class=\"has-text-align-center has-black-color has-text-color has-medium-font-size\"><strong><u>EL VALOR DE APRENDER A CONVIVIR<\/u><\/strong><\/p>\n\n\n\n<p class=\"has-text-align-left has-black-color has-text-color has-medium-font-size\">La buena&nbsp;<em><strong><u>convivencia<\/u><\/strong><\/em>&nbsp;se basa en ense\u00f1ar a los&nbsp;<em><strong>ni\u00f1os<\/strong><\/em>&nbsp;a respetar los derechos de los dem\u00e1s y a aceptar que hay unas obligaciones que cumplir, porque sin ellas, cada uno har\u00eda lo que le pareciera m\u00e1s oportuno y caer\u00edamos en la falta de armon\u00eda y respeto por los dem\u00e1s.<\/p>\n\n\n\n<figure class=\"wp-block-embed alignright is-type-video is-provider-youtube wp-block-embed-youtube wp-embed-aspect-16-9 wp-has-aspect-ratio\"><div class=\"wp-block-embed__wrapper\">\n<iframe title=\"EL VALOR DE APRENDER A CONVIVIR!!\" width=\"800\" height=\"450\" src=\"https:\/\/www.youtube.com\/embed\/zWts3pT52g0?feature=oembed\" frameborder=\"0\" allow=\"accelerometer; autoplay; clipboard-write; encrypted-media; gyroscope; picture-in-picture; web-share\" referrerpolicy=\"strict-origin-when-cross-origin\" allowfullscreen><\/iframe>\n<\/div><\/figure>\n\n\n\n<p class=\"has-text-align-left has-black-color has-text-color has-medium-font-size\"><strong><em>CONOZCAMOS EL SISTEMA DE CONVIVENCIA ESCOLAR DE LA INSTITUCI\u00d3N EDUCATIVA SANTO \u00c1NGEL CON APOYO DE LAS MESAS DE MEDIACI\u00d3N, PREVENCI\u00d3N Y PROMOCI\u00d3N,&nbsp; ATENCI\u00d3N Y SEGUIMIENTO.<\/em><\/strong><\/p>\n\n\n\n<p class=\"has-text-align-center has-black-color has-text-color has-medium-font-size\"><strong>PLANTEAMIENTO DEL PROBLEMA<\/strong><\/p>\n\n\n\n<p class=\"has-black-color has-text-color has-medium-font-size\">El Comit\u00e9 Escolar de Convivencia y las mesas de prevenci\u00f3n, promoci\u00f3n, mediaci\u00f3n, junto a la mesa de atenci\u00f3n y seguimiento, se dan a la tarea de cumplir con lo estipulado en la Ley 1620 del 2013 de &nbsp;implementar un Sistema de Convivencia Escolar que atienda a las necesidades de la poblaci\u00f3n estudiantil de la Instituci\u00f3n Educativa Santo \u00c1ngel, en el marco de los procesos de convivencia y formaci\u00f3n para el ejercicio de los derechos humanos, la educaci\u00f3n para la sexualidad y la prevenci\u00f3n y mitigaci\u00f3n de la violencia escolar.<\/p>\n\n\n\n<p class=\"has-black-color has-text-color has-medium-font-size\">&nbsp;Surge la necesidad de implementar una estrategia pedag\u00f3gica que involucre las diferentes acciones que encamina cada mesa (atenci\u00f3n, seguimiento, prevenci\u00f3n, promoci\u00f3n, mediaci\u00f3n), y luego de un an\u00e1lisis de las principales dificultades de convivencia presentadas en los diferentes niveles, se priorizan las tem\u00e1ticas de la comunicaci\u00f3n asertiva, la convivencia, las reglas y acuerdos, y el manejo de conflictos. En consecuencia, surge el siguiente planteamiento:<\/p>\n\n\n\n<p class=\"has-black-color has-text-color has-medium-font-size\">&nbsp;\u00bfC\u00f3mo desarrollar una estrategia de intervenci\u00f3n pedag\u00f3gica con las estudiantes de preescolar, b\u00e1sica primaria y secundaria de la Instituci\u00f3n Educativa Santo \u00c1ngel, en las l\u00edneas de mediaci\u00f3n, prevenci\u00f3n y promoci\u00f3n, que permita fortalecer los procesos de convivencia y la resoluci\u00f3n de conflictos?<\/p>\n\n\n\n<p class=\"has-text-align-center has-black-color has-text-color has-medium-font-size\"><strong>OBJETIVO PRINCIPAL<\/strong><\/p>\n\n\n\n<p class=\"has-black-color has-text-color has-medium-font-size\">&nbsp;Desarrollar una estrategia de intervenci\u00f3n pedag\u00f3gica con las estudiantes de preescolar, b\u00e1sica primaria y secundaria de la Instituci\u00f3n Educativa Santo \u00c1ngel, en las l\u00edneas de mediaci\u00f3n, promoci\u00f3n y prevenci\u00f3n, inclusi\u00f3n y&nbsp;diversidad,&nbsp;en aras de fortalecer los procesos de convivencia y la resoluci\u00f3n de conflictos.<\/p>\n\n\n\n<p class=\"has-text-align-center has-black-color has-text-color has-medium-font-size\"><strong>OBJETIVOS ESPEC\u00cdFICOS<\/strong><\/p>\n\n\n\n<p class=\"has-black-color has-text-color has-medium-font-size\">\u00b7&nbsp;Gestionar la formaci\u00f3n de las estudiantes que hacen parte del equipo de mediaci\u00f3n, en aras de fortalecer los procesos de comunicaci\u00f3n asertiva y resoluci\u00f3n de conflictos.<\/p>\n\n\n\n<p class=\"has-black-color has-text-color has-medium-font-size\">\u00b7&nbsp;Convocar un grupo de padres de familia representativo para que haga parte del equipo de mediaci\u00f3n escolar y participen de la estrategia.<\/p>\n\n\n\n<p class=\"has-black-color has-text-color has-medium-font-size\">\u00b7&nbsp;Propiciar un mecanismo de divulgaci\u00f3n de avances y logros del proyecto de convivencia, mediante cartelera institucional<\/p>\n\n\n\n<p class=\"has-black-color has-text-color has-medium-font-size\">\u00b7Gestionar la intervenci\u00f3n del programa de la Polic\u00eda Nacional en el marco del proyecto DARE, con estudiantes de 5\u00b0 de primaria desde la l\u00ednea de prevenci\u00f3n.<\/p>\n\n\n\n<p class=\"has-black-color has-text-color has-medium-font-size\">\u00b7&nbsp;Favorecer la diversidad sexual, a partir de talleres y experiencias de vida, que sirvan como referente del respeto por el otro.<\/p>\n\n\n\n<p class=\"has-black-color has-text-color has-medium-font-size\">\u00b7&nbsp;&nbsp;Evaluar el proceso de formaci\u00f3n de los mediadores escolares.<\/p>\n","protected":false},"excerpt":{"rendered":"<p>CLAUDIA MAR\u00cdA MONSALVE VAHOZ &#8220;Mi propio Don para construir el bien com\u00fan&#8221; LA INSTITUCI\u00d3N&nbsp;CUENTA CON EL PROYECTO DE CONVIVENCIA ESCOLAR EL VALOR DE APRENDER A CONVIVIR La buena&nbsp;convivencia&nbsp;se basa en &#8230;<\/p>\n","protected":false},"author":2,"featured_media":0,"parent":0,"menu_order":0,"comment_status":"closed","ping_status":"closed","template":"","meta":{"_background_id":0,"_xo_background":{"repeat":true,"attachment":true,"enable_color":true,"gradient":"custom","custom_gradient":"radial-gradient(rgb(6,147,227) 21%,rgb(255,255,255) 73%,rgb(155,81,224) 100%)","id":0,"size":"auto","position_x":"left","position_y":"top","color":""},"footnotes":""},"class_list":["post-1200","page","type-page","status-publish","hentry"],"_links":{"self":[{"href":"https:\/\/iesantoangelmed.edu.co\/index.php\/wp-json\/wp\/v2\/pages\/1200","targetHints":{"allow":["GET"]}}],"collection":[{"href":"https:\/\/iesantoangelmed.edu.co\/index.php\/wp-json\/wp\/v2\/pages"}],"about":[{"href":"https:\/\/iesantoangelmed.edu.co\/index.php\/wp-json\/wp\/v2\/types\/page"}],"author":[{"embeddable":true,"href":"https:\/\/iesantoangelmed.edu.co\/index.php\/wp-json\/wp\/v2\/users\/2"}],"replies":[{"embeddable":true,"href":"https:\/\/iesantoangelmed.edu.co\/index.php\/wp-json\/wp\/v2\/comments?post=1200"}],"version-history":[{"count":16,"href":"https:\/\/iesantoangelmed.edu.co\/index.php\/wp-json\/wp\/v2\/pages\/1200\/revisions"}],"predecessor-version":[{"id":2463,"href":"https:\/\/iesantoangelmed.edu.co\/index.php\/wp-json\/wp\/v2\/pages\/1200\/revisions\/2463"}],"wp:attachment":[{"href":"https:\/\/iesantoangelmed.edu.co\/index.php\/wp-json\/wp\/v2\/media?parent=1200"}],"curies":[{"name":"wp","href":"https:\/\/api.w.org\/{rel}","templated":true}]}}