{"id":1178,"date":"2023-09-11T09:03:32","date_gmt":"2023-09-11T14:03:32","guid":{"rendered":"https:\/\/iesantoangelmed.edu.co\/?page_id=1178"},"modified":"2023-12-19T08:10:27","modified_gmt":"2023-12-19T13:10:27","slug":"rectoria","status":"publish","type":"page","link":"https:\/\/iesantoangelmed.edu.co\/index.php\/rectoria\/","title":{"rendered":"RECTOR\u00cdA"},"content":{"rendered":"\n<h1 class=\"wp-block-heading has-text-align-center\"><\/h1>\n\n\n<div class=\"wp-block-image\">\n<figure class=\"aligncenter size-full is-resized\"><img fetchpriority=\"high\" decoding=\"async\" width=\"620\" height=\"135\" src=\"https:\/\/iesantoangelmed.edu.co\/wp-content\/uploads\/2023\/09\/image-27.png\" alt=\"\" class=\"wp-image-1433\" style=\"width:675px;height:147px\" srcset=\"https:\/\/iesantoangelmed.edu.co\/wp-content\/uploads\/2023\/09\/image-27.png 620w, https:\/\/iesantoangelmed.edu.co\/wp-content\/uploads\/2023\/09\/image-27-300x65.png 300w\" sizes=\"(max-width: 620px) 100vw, 620px\" \/><\/figure>\n<\/div>\n\n\n<p>BY&nbsp;<a href=\"https:\/\/iesantoangelmed.edu.co\/index.php\/author\/editor\/\">EDITOR<\/a><a href=\"https:\/\/iesantoangelmed.edu.co\/index.php\/2023\/09\/11\/rectoria\/\">11 SEPTIEMBRE, 2023<\/a><a href=\"https:\/\/iesantoangelmed.edu.co\/index.php\/category\/sin-categoria\/\">SIN CATEGOR\u00cdA<\/a><\/p>\n\n\n<div class=\"wp-block-image\">\n<figure class=\"alignleft is-resized\"><img decoding=\"async\" width=\"890\" height=\"1024\" src=\"https:\/\/iesantoangelmed.edu.co\/wp-content\/uploads\/2023\/09\/image-9-890x1024.png\" alt=\"\" class=\"wp-image-1214\" style=\"width:189px;height:217px\" srcset=\"https:\/\/iesantoangelmed.edu.co\/wp-content\/uploads\/2023\/09\/image-9-890x1024.png 890w, https:\/\/iesantoangelmed.edu.co\/wp-content\/uploads\/2023\/09\/image-9-261x300.png 261w, https:\/\/iesantoangelmed.edu.co\/wp-content\/uploads\/2023\/09\/image-9-768x884.png 768w, https:\/\/iesantoangelmed.edu.co\/wp-content\/uploads\/2023\/09\/image-9-1335x1536.png 1335w, https:\/\/iesantoangelmed.edu.co\/wp-content\/uploads\/2023\/09\/image-9-304x350.png 304w, https:\/\/iesantoangelmed.edu.co\/wp-content\/uploads\/2023\/09\/image-9-130x150.png 130w, https:\/\/iesantoangelmed.edu.co\/wp-content\/uploads\/2023\/09\/image-9.png 1365w\" sizes=\"(max-width: 890px) 100vw, 890px\" \/><\/figure>\n<\/div>\n\n\n<p><\/p>\n\n\n\n<p><\/p>\n\n\n\n<p class=\"has-text-align-center has-medium-font-size\"><em><mark>Alba Ruth Jaramillo: \u201cNunca consideres el estudio como una obligaci\u00f3n, sino como una oportunidad para penetrar en el bello y maravilloso mundo del saber\u201d. Albert Einstein.<\/mark><\/em><\/p>\n\n\n\n<p class=\"has-medium-font-size\">Apreciada Comunidad Educativa Angelina, Los invito a que aprovechemos este momento de transici\u00f3n hac\u00eda la tecnolog\u00eda, para que entre todos hagamos m\u00e1gica la oportunidad que la coyuntura actual nos presenta. \u00a1\u00c1nimo de alguna manera ya nos est\u00e1bamos preparando para ello! Haremos nuestro mayor esfuerzo, para que el material publicado desde las diferentes dependencias sea pertinente y de su inter\u00e9s. \u00a1Un fuerte abrazo angelino!<\/p>\n\n\n\n<p class=\"has-text-align-left has-vivid-cyan-blue-color has-text-color has-link-color has-medium-font-size wp-elements-a1e06955ee28ceed5a94bfe77c8a7f90\"><strong><a href=\"https:\/\/desdemirectoria.blogspot.com\/\" target=\"_blank\" rel=\"noreferrer noopener\">Ver sitio web <\/a><\/strong><\/p>\n\n\n\n<p><\/p>\n\n\n<div class=\"wp-block-image\">\n<figure class=\"aligncenter size-full is-resized\"><img decoding=\"async\" width=\"417\" height=\"449\" src=\"https:\/\/iesantoangelmed.edu.co\/wp-content\/uploads\/2023\/09\/image-74.png\" alt=\"\" class=\"wp-image-1602\" style=\"width:596px;height:643px\" srcset=\"https:\/\/iesantoangelmed.edu.co\/wp-content\/uploads\/2023\/09\/image-74.png 417w, https:\/\/iesantoangelmed.edu.co\/wp-content\/uploads\/2023\/09\/image-74-279x300.png 279w\" sizes=\"(max-width: 417px) 100vw, 417px\" \/><\/figure>\n<\/div>\n\n\n<p><\/p>\n\n\n\n<p><\/p>\n\n\n\n<figure class=\"wp-block-embed aligncenter is-type-video is-provider-youtube wp-block-embed-youtube wp-embed-aspect-16-9 wp-has-aspect-ratio\"><div class=\"wp-block-embed__wrapper\">\n<iframe title=\"Mensaje del pedagogo Juli\u00e1n de Zubir\u00eda a los padres de familia durante la cuarentena\" width=\"800\" height=\"450\" src=\"https:\/\/www.youtube.com\/embed\/k_CBLj1J9ls?feature=oembed\" frameborder=\"0\" allow=\"accelerometer; autoplay; clipboard-write; encrypted-media; gyroscope; picture-in-picture; web-share\" allowfullscreen><\/iframe>\n<\/div><\/figure>\n\n\n\n<p class=\"has-text-align-center\"><em><strong>Comparto con ustedes este importante mensaje a los padres de familia y acudientes de la comunidad angelina<\/strong><\/em><\/p>\n\n\n\n<p><\/p>\n\n\n\n<p><\/p>\n\n\n\n<p><\/p>\n\n\n<div class=\"wp-block-image is-style-rounded\">\n<figure class=\"aligncenter size-medium is-resized\"><img loading=\"lazy\" decoding=\"async\" width=\"228\" height=\"300\" src=\"https:\/\/iesantoangelmed.edu.co\/wp-content\/uploads\/2023\/09\/image-44-228x300.png\" alt=\"\" class=\"wp-image-1480\" style=\"object-fit:cover;width:267px;height:475px\" srcset=\"https:\/\/iesantoangelmed.edu.co\/wp-content\/uploads\/2023\/09\/image-44-228x300.png 228w, https:\/\/iesantoangelmed.edu.co\/wp-content\/uploads\/2023\/09\/image-44.png 474w\" sizes=\"(max-width: 228px) 100vw, 228px\" \/><\/figure>\n<\/div>\n\n\n<p class=\"has-text-align-center has-black-color has-pale-cyan-blue-background-color has-text-color has-background has-medium-font-size\"><em><strong>No temas, nuestro \u00c1ngel de la Guarda nos protege,<\/strong><\/em>  <em><strong> gu\u00eda y acompa\u00f1a siempre.<\/strong><\/em><\/p>\n\n\n\n<p><\/p>\n\n\n\n<p><\/p>\n\n\n\n<p><\/p>\n\n\n\n<p><\/p>\n\n\n\n<p><\/p>\n\n\n\n<p><\/p>\n","protected":false},"excerpt":{"rendered":"<p>BY&nbsp;EDITOR11 SEPTIEMBRE, 2023SIN CATEGOR\u00cdA Alba Ruth Jaramillo: \u201cNunca consideres el estudio como una obligaci\u00f3n, sino como una oportunidad para penetrar en el bello y maravilloso mundo del saber\u201d. Albert Einstein. &#8230;<\/p>\n","protected":false},"author":2,"featured_media":0,"parent":0,"menu_order":0,"comment_status":"closed","ping_status":"closed","template":"","meta":{"_background_id":0,"_xo_background":[],"footnotes":""},"class_list":["post-1178","page","type-page","status-publish","hentry"],"_links":{"self":[{"href":"https:\/\/iesantoangelmed.edu.co\/index.php\/wp-json\/wp\/v2\/pages\/1178","targetHints":{"allow":["GET"]}}],"collection":[{"href":"https:\/\/iesantoangelmed.edu.co\/index.php\/wp-json\/wp\/v2\/pages"}],"about":[{"href":"https:\/\/iesantoangelmed.edu.co\/index.php\/wp-json\/wp\/v2\/types\/page"}],"author":[{"embeddable":true,"href":"https:\/\/iesantoangelmed.edu.co\/index.php\/wp-json\/wp\/v2\/users\/2"}],"replies":[{"embeddable":true,"href":"https:\/\/iesantoangelmed.edu.co\/index.php\/wp-json\/wp\/v2\/comments?post=1178"}],"version-history":[{"count":13,"href":"https:\/\/iesantoangelmed.edu.co\/index.php\/wp-json\/wp\/v2\/pages\/1178\/revisions"}],"predecessor-version":[{"id":1879,"href":"https:\/\/iesantoangelmed.edu.co\/index.php\/wp-json\/wp\/v2\/pages\/1178\/revisions\/1879"}],"wp:attachment":[{"href":"https:\/\/iesantoangelmed.edu.co\/index.php\/wp-json\/wp\/v2\/media?parent=1178"}],"curies":[{"name":"wp","href":"https:\/\/api.w.org\/{rel}","templated":true}]}}